{"id":380,"date":"2024-12-06T16:06:03","date_gmt":"2024-12-06T16:06:03","guid":{"rendered":"https:\/\/canhealyourself.com\/website_0fe50126\/?page_id=380"},"modified":"2026-02-26T06:53:44","modified_gmt":"2026-02-26T06:53:44","slug":"puedes-curarte-a-ti-mismo","status":"publish","type":"page","link":"https:\/\/canhealyourself.com\/website_0fe50126\/puedes-curarte-a-ti-mismo\/","title":{"rendered":"Puedes curarte a ti mismo"},"content":{"rendered":"\n<p class=\"has-large-font-size\"><strong>Home\u00f3pata profesional<\/strong><\/p>\n\n\n\n<p class=\"\">ROGER BARR<\/p>\n\n\n\n<p class=\"\">Trabajo con usted (y su m\u00e9dico) para ayudarlo a tomar el control de su atenci\u00f3n m\u00e9dica. Eliminemos los aspectos de su vida que pueden mantener su enfermedad o que son obst\u00e1culos para su proceso de curaci\u00f3n.<\/p>\n\n\n\n<p class=\"\">En otro nivel, los remedios homeop\u00e1ticos no son como los medicamentos convencionales, aunque est\u00e1n regulados por la Farmacopea Homeop\u00e1tica de los EE. UU. (HPUS) de la FDA. Su acci\u00f3n es extremadamente ef\u00edmera y suave. Estimulan la capacidad innata de su cuerpo para curarse a s\u00ed mismo, sin efectos secundarios.<\/p>\n\n\n\n<p class=\"\"><a href=\"https:\/\/canhealyourself.com\/website_0fe50126\/7-razones-por-las-que-la-homeopatia-no-es-placebo\/\">7 Razones por las que la homeopat\u00eda no es placebo<\/a><\/p>\n\n\n\n<p class=\"\"><a href=\"https:\/\/canhealyourself.com\/website_0fe50126\/contacto\/\">Contacto<\/a><\/p>\n\n\n\n<p class=\"\"><a href=\"https:\/\/canhealyourself.com\/website_0fe50126\/formulario-de-evaluacion-del-paciente\/\">Formulario de evaluaci\u00f3n del paciente<\/a><\/p>\n\n\n\n<p class=\"\"><a href=\"https:\/\/canhealyourself.com\/website_0fe50126\/instrucciones-para-usar-remedios-homeopaticos-lm\/\">Instrucciones para usar Remedios Homeop\u00e1ticos LM<\/a><\/p>\n\n\n\n<p class=\"\"><a href=\"https:\/\/canhealyourself.com\/website_0fe50126\/orientacion-para-nuevos-pacientes\/\">Orientaci\u00f3n para Nuevos Pacientes<\/a><\/p>\n\n\n\n<p class=\"\"><a href=\"https:\/\/canhealyourself.com\/website_0fe50126\/proceso-de-sanacion\/\">Proceso de Sanaci\u00f3n<\/a><\/p>\n\n\n\n<p class=\"\"><\/p>\n","protected":false},"excerpt":{"rendered":"<p>Home\u00f3pata profesional ROGER BARR Trabajo con usted (y su m\u00e9dico) para ayudarlo a tomar el control de su atenci\u00f3n m\u00e9dica. Eliminemos los aspectos de su vida que pueden mantener su enfermedad o que son obst\u00e1culos para su proceso de curaci\u00f3n&#8230;. <a class=\"more-link\" href=\"https:\/\/canhealyourself.com\/website_0fe50126\/puedes-curarte-a-ti-mismo\/\">Continue Reading &rarr;<\/a><\/p>\n","protected":false},"author":2,"featured_media":0,"parent":0,"menu_order":0,"comment_status":"closed","ping_status":"closed","template":"","meta":{"nf_dc_page":"","footnotes":""},"class_list":["post-380","page","type-page","status-publish","hentry"],"_links":{"self":[{"href":"https:\/\/canhealyourself.com\/website_0fe50126\/wp-json\/wp\/v2\/pages\/380","targetHints":{"allow":["GET"]}}],"collection":[{"href":"https:\/\/canhealyourself.com\/website_0fe50126\/wp-json\/wp\/v2\/pages"}],"about":[{"href":"https:\/\/canhealyourself.com\/website_0fe50126\/wp-json\/wp\/v2\/types\/page"}],"author":[{"embeddable":true,"href":"https:\/\/canhealyourself.com\/website_0fe50126\/wp-json\/wp\/v2\/users\/2"}],"replies":[{"embeddable":true,"href":"https:\/\/canhealyourself.com\/website_0fe50126\/wp-json\/wp\/v2\/comments?post=380"}],"version-history":[{"count":5,"href":"https:\/\/canhealyourself.com\/website_0fe50126\/wp-json\/wp\/v2\/pages\/380\/revisions"}],"predecessor-version":[{"id":523,"href":"https:\/\/canhealyourself.com\/website_0fe50126\/wp-json\/wp\/v2\/pages\/380\/revisions\/523"}],"wp:attachment":[{"href":"https:\/\/canhealyourself.com\/website_0fe50126\/wp-json\/wp\/v2\/media?parent=380"}],"curies":[{"name":"wp","href":"https:\/\/api.w.org\/{rel}","templated":true}]}}