{"id":146,"date":"2024-07-26T19:24:59","date_gmt":"2024-07-26T19:24:59","guid":{"rendered":"https:\/\/canhealyourself.com\/website_0fe50126\/?page_id=146"},"modified":"2024-07-26T19:25:00","modified_gmt":"2024-07-26T19:25:00","slug":"proceso-de-sanacion","status":"publish","type":"page","link":"https:\/\/canhealyourself.com\/website_0fe50126\/proceso-de-sanacion\/","title":{"rendered":"Proceso de Sanaci\u00f3n"},"content":{"rendered":"\n<p class=\"\"><strong>El proceso de sanaci\u00f3n es siempre \u00fanico para el individuo.<\/strong>&nbsp;No se pueden hacer predicciones certeras, pero quiz\u00e1s hayas o\u00eddo hablar de la \u201cLey\u201d de Herings. No es realmente una ley, sino m\u00e1s bien una regla de oro.<\/p>\n\n\n\n<p class=\"\"><strong>\u00c9sta indica que generalmente nos sanamos del interior hacia el exterior y en el orden inverso a la aparici\u00f3n de los s\u00edntomas.<\/strong>&nbsp;\u201cInterior\u201d puede significar s\u00edntomas mentales-emocionales o puede significar \u00f3rganos importantes. \u201cExterior\u201d puede significar s\u00edntomas f\u00edsicos (en oposici\u00f3n a mentales-emocionales) o puede significar aspectos m\u00e1s externos como la piel. Orden inverso significa que los s\u00edntomas que aparecen m\u00e1s recientemente son los que se curan antes, seguidos de los s\u00edntomas que aparecieron antes.<\/p>\n\n\n\n<p class=\"\"><strong>As\u00ed que es bueno ver un \u201cregreso a s\u00edntomas anteriores\u201d; han venido para irse!<\/strong>&nbsp;Has limpiado nuevas capas de \u201ccosas\u201d y has llegado a capas m\u00e1s viejas. Si te cura quiz\u00e1s nunca tengas que lidiar con eso de nuevo!<\/p>\n\n\n\n<p class=\"\"><strong>Cuando estos \u201cnuevos\u201d s\u00edntomas viejos aparecen no los suprimas. Por favor no pongas ninguna cosa en la piel que pueda suprimirlo<\/strong>. Algo muy ligero como aceite de oliva o aceite de coco est\u00e1 bien, o d\u00e9jalo as\u00ed si no te molesta. Por favor tampoco suprimas secreciones. Suprimir s\u00edntomas que han regresado en el \u201cexterior\u201d&nbsp;<strong>puede detener tu proceso de sanaci\u00f3n<\/strong>. Usualmente, pero no siempre aparecen en una forma m\u00e1s suave y pueden ser tolerados por el periodo de tiempo relativamente corto en el que aparecen.<\/p>\n\n\n\n<p class=\"\"><strong>Sanar del interior al exterior significa que en las etapas primeras de tomar el tratamiento&nbsp;es muy importante ver si alguno de los \u201cSignos Generales de Salud\u201d<\/strong>&nbsp;(sue\u00f1o y energ\u00eda, calma, claridad mental, sensaci\u00f3n de bienestar y adaptabilidad al medio ambiente) est\u00e1 mejorando, m\u00e1s que los s\u00edntomas espec\u00edficos m\u00e1s localizados que te conciernen. Esos se curar\u00e1n despu\u00e9s cuando el cuerpo se cure.<\/p>\n\n\n\n<p class=\"\"><strong>Por favor Cont\u00e1ctame<\/strong>&nbsp;cuando una condici\u00f3n aguda (gripa, influenza, accidente, etc.) o nuevos o viejos s\u00edntomas surjan para que podamos discutirlos antes de aplicar cualquier medicina o tratamiento herbal o mec\u00e1nico.<\/p>\n\n\n\n<p class=\"\"><strong>No estoy pidiendo evitar los tratamientos al\u00f3patas (medicina convencional) por completo,<\/strong>sino usar los tratamientos homeop\u00e1ticos preferentemente, para lo cual te puedo ayudar. Y usar los tratamientos al\u00f3patas s\u00f3lo cuando es absolutamente necesario.&nbsp;<strong>Ve a la sala de Emergencia si nada m\u00e1s te est\u00e1 resultando y si es una verdadera emergencia.<\/strong>&nbsp;Puedes tomar el remedio homeop\u00e1tico durante el camino hacia la sala de emergencias y puede no necesite el viaje!<\/p>\n\n\n\n<p class=\"\"><strong>Por favor no bebas caf\u00e9 o uses otras substancias medicinales como alcanfor, aceites esenciales o hierbas fuertes<\/strong>&nbsp;(incluso pasta de dientes!), por un tiempo, estas pueden funcionar como ant\u00eddoto o interferir con la acci\u00f3n del remedio. Despu\u00e9s, cuando estemos seguros de que el remedio est\u00e1 funcionando podremos determinar qu\u00e9 interfiere o no interfiere con \u00e9l.<\/p>\n\n\n\n<p class=\"\">Para tu salud,<br>Roger Barr<\/p>\n","protected":false},"excerpt":{"rendered":"<p>El proceso de sanaci\u00f3n es siempre \u00fanico para el individuo.&nbsp;No se pueden hacer predicciones certeras, pero quiz\u00e1s hayas o\u00eddo hablar de la \u201cLey\u201d de Herings. No es realmente una ley, sino m\u00e1s bien una regla de oro. \u00c9sta indica que&#8230; <a class=\"more-link\" href=\"https:\/\/canhealyourself.com\/website_0fe50126\/proceso-de-sanacion\/\">Continue Reading &rarr;<\/a><\/p>\n","protected":false},"author":2,"featured_media":0,"parent":0,"menu_order":0,"comment_status":"closed","ping_status":"closed","template":"","meta":{"nf_dc_page":"","footnotes":""},"class_list":["post-146","page","type-page","status-publish","hentry"],"_links":{"self":[{"href":"https:\/\/canhealyourself.com\/website_0fe50126\/wp-json\/wp\/v2\/pages\/146","targetHints":{"allow":["GET"]}}],"collection":[{"href":"https:\/\/canhealyourself.com\/website_0fe50126\/wp-json\/wp\/v2\/pages"}],"about":[{"href":"https:\/\/canhealyourself.com\/website_0fe50126\/wp-json\/wp\/v2\/types\/page"}],"author":[{"embeddable":true,"href":"https:\/\/canhealyourself.com\/website_0fe50126\/wp-json\/wp\/v2\/users\/2"}],"replies":[{"embeddable":true,"href":"https:\/\/canhealyourself.com\/website_0fe50126\/wp-json\/wp\/v2\/comments?post=146"}],"version-history":[{"count":1,"href":"https:\/\/canhealyourself.com\/website_0fe50126\/wp-json\/wp\/v2\/pages\/146\/revisions"}],"predecessor-version":[{"id":147,"href":"https:\/\/canhealyourself.com\/website_0fe50126\/wp-json\/wp\/v2\/pages\/146\/revisions\/147"}],"wp:attachment":[{"href":"https:\/\/canhealyourself.com\/website_0fe50126\/wp-json\/wp\/v2\/media?parent=146"}],"curies":[{"name":"wp","href":"https:\/\/api.w.org\/{rel}","templated":true}]}}