{"id":123,"date":"2024-07-26T19:16:17","date_gmt":"2024-07-26T19:16:17","guid":{"rendered":"https:\/\/canhealyourself.com\/website_0fe50126\/?page_id=123"},"modified":"2024-07-26T19:16:18","modified_gmt":"2024-07-26T19:16:18","slug":"instructions-to-pharmacies-for-lm-potencies-english-spanish","status":"publish","type":"page","link":"https:\/\/canhealyourself.com\/website_0fe50126\/instructions-to-pharmacies-for-lm-potencies-english-spanish\/","title":{"rendered":"Instructions to Pharmacies for LM Potencies (English &amp; Spanish)"},"content":{"rendered":"\n<p class=\"\">How to prepare an LM Remedy Solution Bottle:<\/p>\n\n\n\n<ul class=\"wp-block-list\">\n<li class=\"\">Wet the smallest available sugar pellet with the chosen LM solution from the Stock Bottle (LM1, LM2, etc.).<\/li>\n\n\n\n<li class=\"\">Place pellet in the chosen size bottle (30ml or 70 ml Dropper Bottle, 120ml Bottle, 240ml Bottle, etc).<\/li>\n\n\n\n<li class=\"\">Fill the bottle up to the bottom of the \u201cshoulder\u201d with water and 20% alcohol. \u00a0It is important to leave some air at the top of the bottle so that succussion is effective.<\/li>\n<\/ul>\n\n\n\n<p class=\"\">M\u00e9todo para preparar la botella de soluci\u00f3n del remedio LM<\/p>\n\n\n\n<ul class=\"wp-block-list\">\n<li class=\"\">Mojar el gl\u00f3bulo de az\u00facar m\u00e1s peque\u00f1o con la soluci\u00f3n LM elegida de la botella de reserva (LM1, LM2, Etc.).<\/li>\n\n\n\n<li class=\"\">Colocar el gl\u00f3bulo en la botella de tama\u00f1o elegido (30ml o 70ml botella con gotero, 120ml, 240ml, Etc.)<\/li>\n\n\n\n<li class=\"\">Llenar la botella hasta el inicio de los &#8220;hombros&#8221; de la botella con agua y 20% alcohol. Es importante que la botella NO est\u00e9 completamente llena para que haya aire y los agitamientos sean efectivos.<\/li>\n<\/ul>\n","protected":false},"excerpt":{"rendered":"<p>How to prepare an LM Remedy Solution Bottle: M\u00e9todo para preparar la botella de soluci\u00f3n del remedio LM<\/p>\n","protected":false},"author":2,"featured_media":0,"parent":0,"menu_order":0,"comment_status":"closed","ping_status":"closed","template":"","meta":{"nf_dc_page":"","footnotes":""},"class_list":["post-123","page","type-page","status-publish","hentry"],"_links":{"self":[{"href":"https:\/\/canhealyourself.com\/website_0fe50126\/wp-json\/wp\/v2\/pages\/123","targetHints":{"allow":["GET"]}}],"collection":[{"href":"https:\/\/canhealyourself.com\/website_0fe50126\/wp-json\/wp\/v2\/pages"}],"about":[{"href":"https:\/\/canhealyourself.com\/website_0fe50126\/wp-json\/wp\/v2\/types\/page"}],"author":[{"embeddable":true,"href":"https:\/\/canhealyourself.com\/website_0fe50126\/wp-json\/wp\/v2\/users\/2"}],"replies":[{"embeddable":true,"href":"https:\/\/canhealyourself.com\/website_0fe50126\/wp-json\/wp\/v2\/comments?post=123"}],"version-history":[{"count":1,"href":"https:\/\/canhealyourself.com\/website_0fe50126\/wp-json\/wp\/v2\/pages\/123\/revisions"}],"predecessor-version":[{"id":124,"href":"https:\/\/canhealyourself.com\/website_0fe50126\/wp-json\/wp\/v2\/pages\/123\/revisions\/124"}],"wp:attachment":[{"href":"https:\/\/canhealyourself.com\/website_0fe50126\/wp-json\/wp\/v2\/media?parent=123"}],"curies":[{"name":"wp","href":"https:\/\/api.w.org\/{rel}","templated":true}]}}