{"id":119,"date":"2024-07-26T19:14:07","date_gmt":"2024-07-26T19:14:07","guid":{"rendered":"https:\/\/canhealyourself.com\/website_0fe50126\/?page_id=119"},"modified":"2026-02-25T20:55:58","modified_gmt":"2026-02-25T20:55:58","slug":"instrucciones-para-usar-remedios-homeopaticos-lm","status":"publish","type":"page","link":"https:\/\/canhealyourself.com\/website_0fe50126\/instrucciones-para-usar-remedios-homeopaticos-lm\/","title":{"rendered":"Instrucciones para usar Remedios Homeop\u00e1ticos LM"},"content":{"rendered":"\n<p class=\"\">Estos factores pueden interferir con la acci\u00f3n de tu remedio homeop\u00e1tico y deben de ser evitados siempre que sea&nbsp;posible:<\/p>\n\n\n\n<p class=\"\">\u00b7 <strong>Tratamiento dental<\/strong> (siempre busque atenci\u00f3n dental adecuada cuando sea necesario. Solo tenga en cuenta que puede retrasar un poco el proceso de curaci\u00f3n. <strong>Las endodoncias, conductos radicular y otras fuentes de infecci\u00f3n cr\u00f3nica son obst\u00e1culos para la curaci\u00f3n. Av\u00edseme sobre ellos si a\u00fan no lo ha hecho).<\/strong><br>\u00b7 <strong>Aceites esenciales<\/strong> como Alcanfor, naftalina, aceite de \u00e1rbol de t\u00e9, etc. y de cualquier otro olor fuerte como pinturas, perfumes, colonias, disolventes, etc.<br>\u00b7 <strong>Fuentes fuertes de energ\u00eda electromagn\u00e9tica<\/strong>, especialmente durante el sue\u00f1o, como una torre de telefon\u00eda celular cercana, una manta el\u00e9ctrica, wifi, microondas, tel\u00e9fonos celulares, etc.&nbsp;<br>\u00b7 <strong>Medicinas a base de hierbas<\/strong> como el amargo sueco, el t\u00e9 Pau d&#8217;Arco, productos Sunrider y KM<br>&#8211; <strong>Hierbas medicinales<\/strong> como la marihuana y especialmente <strong>el caf\u00e9.&nbsp;<\/strong><br>\u00b7 <strong>Rayos X, im\u00e1genes por resonancia magn\u00e9tica o tratamientos de acupuntura<\/strong><br>&#8211; <strong>Algunas drogas<\/strong><br>\u00b7 <strong>Otros remedios homeop\u00e1ticos<\/strong><\/p>\n\n\n\n<p class=\"\">La botella con el Remedio debe estar lejos de contaminaci\u00f3n, luz del sol directa, fuerte energ\u00eda electromagn\u00e9tica, rayos X y no debe ser abierto junto a otras botellas abiertas u otros olores fuertes como los mencionados anteriormente.<\/p>\n\n\n\n<p class=\"\">El remedio debe estar&nbsp;<strong>refrigerado<\/strong>&nbsp;a menos que est\u00e9 preservado con el 20% de alcohol.<\/p>\n\n\n\n<p class=\"\">Es necesario contar con lo siguiente:<\/p>\n\n\n\n<p class=\"\">1. <strong>Tu botella con la soluci\u00f3n de tu remedio (BSR) <\/strong>que obtuviste de la farmacia. Puede ser 120 ml hasta 360 ml o una botella de 30 o 70 ml con gotero.<br>2.<strong>Un vaso<\/strong> lo suficientemente grande para 4 oz (120 ml) (vasos de papel &#8220;calientes&#8221; sin cera O vasos de pl\u00e1stico desechables O un vaso de cer\u00e1mica\/vidrio &#8220;esterilizado&#8221; antes de cada dosis con luz solar o agua hirviendo).&nbsp;<br>3. <strong>Una cuchara peque\u00f1a<\/strong> (cucharada o cucharadita) de acero inoxidable que tambi\u00e9n debe ser lavada en agua caliente despu\u00e9s de usarse o esterilizada con el sol.<br>4. <strong>Un libro<\/strong><\/p>\n\n\n\n<p class=\"\"><strong>Toma las dosis de la siguiente manera:<\/strong> <br>Es mejor esperar media hora antes o despu\u00e9s de ingerir algo excepto agua, pero esto no es necesario. El mejor momento es antes de dormir a menos que te sea dif\u00edcil dormir, pero cualquier momento puede ser bueno. Te aconsejar\u00e9 sobre el n\u00famero de sucusiones y ca\u00eddas.<\/p>\n\n\n\n<p class=\"\">1. <strong>Golpea la botella ____ veces <\/strong>(como si cayera de una altura aproximada de 60 cm en una superficie firme pero suave, como la de un libro)<br>2. <strong>Llene un vaso<\/strong> (papel fresco\/pl\u00e1stico desechable enjuagado o vaso esterilizado) con aprox. <strong>4 onzas (120 ml)<\/strong> de agua purificada&nbsp;<br>3. <strong>Pon __ cucharaditas (o ___ gotas<\/strong> si usas una botella con gotero) de la botella con el remedio en la copa y mueve durante 10 segundos.<br>4. <strong>Toma&nbsp;UNA&nbsp;cucharada o cucharadita<\/strong> (como se recomienda)&nbsp;de la taza, mant\u00e9n en tu boca por unos segundos y luego traga.&nbsp;<br>5. <strong>DESECHA el resto de la taza<\/strong>. A tus plantas les encanta.<\/p>\n\n\n\n<p class=\"\"><strong>La precisi\u00f3n no es tan importante, pero <span style=\"text-decoration: underline;\">s\u00ed la coherencia<\/span>.<\/strong> T\u00f3melo de la misma manera cada vez, para que sepamos ajustar la dosis si es necesario.<\/p>\n\n\n\n<p class=\"\"><strong>Tome su primera dosis y la <span style=\"text-decoration: underline;\">\u00fanica<\/span> dosis despu\u00e9s de recibir el remedio y luego ESPERE. LL\u00c1MAME 3 o 4 d\u00edas despu\u00e9s de la primera dosis o antes si tienes preguntas.<\/strong> Te aconsejar\u00e9 c\u00f3mo tomarlo regularmente. Luego, despu\u00e9s de tomarlo regularmente durante 2 o 3 semanas, haremos una breve entrevista de seguimiento para determinar si este es el remedio adecuado para usted.<\/p>\n\n\n\n<p class=\"\">Despu\u00e9s deber\u00e1s juzgar tu propio progreso con mi ayuda. Sin ning\u00fan cambio en su condici\u00f3n, t\u00f3melo con una frecuencia y\/o potencia cada vez mayor. Luego, deje de tomarlo si a\u00fan no ha observado ning\u00fan cambio despu\u00e9s de 3 semanas. Cont\u00e1ctame si crees que este es el caso o no. Siempre puedes llamarme y enviarme un mensaje de texto si tienes preguntas.<\/p>\n\n\n\n<p class=\"\"><strong>Lo m\u00e1s importante: si ves mejoras, empeoras o cambios en los s\u00edntomas no tomes otra dosis&nbsp;hasta que sientas que la \u00faltima dosis ha&nbsp;empezado&nbsp;a desaparecer,<\/strong> lo que significa que ya no presentas cambios en los s\u00edntomas o en los s\u00edntomas generales de salud. Eventualmente podr\u00e1s juzgar por ti mismo qu\u00e9 tan seguido debes tomarlo.<\/p>\n\n\n\n<p class=\"\">El remedio est\u00e1 funcionando si notas mejoras en cualquiera de tus s\u00edntomas Y en estos <strong>Signos Generales de Salud:<\/strong><\/p>\n\n\n\n<p class=\"\">1. <strong>Sue\u00f1o y Energ\u00eda<\/strong> (el sue\u00f1o se siente mejor; despiertas m\u00e1s fresco; la energ\u00eda se siente mejor)<br>2. <strong>Sensaci\u00f3n de Bienestar<\/strong><br>3. <strong>Claridad Mental<\/strong><br>4. <strong>Calma<\/strong><br>5. <strong>Mejor Adaptabilidad a tu Ambiente<\/strong> (menos sensible a los alergenos o a las causas de estr\u00e9s)<\/p>\n\n\n\n<p class=\"\">Si cualquiera de los signos anteriores mejora a pesar de un empeoramiento temporal de otro(s), est\u00e1s en buen camino. Si los s\u00edntomas \u00fanicamente cambian sin ninguna mejora de los signos generales puede ser que sea un remedio cercano pero no el mejor remedio.<\/p>\n\n\n\n<p class=\"\"><strong>Si hay empeoramiento de los s\u00edntomas o sientes ligeramente que tienes demasiada energ\u00eda, deja de tomar el remedio<\/strong>&nbsp;hasta que veas mejora. No hay da\u00f1o. S\u00f3lo significa que es el remedio correcto, pero que la potencia es ligeramente alta.&nbsp;<strong>Ll\u00e1mame para que pueda ayudar a ajustarte la potencia o si tienes cualquier pregunta.&nbsp;<\/strong><\/p>\n\n\n\n<p class=\"\">La potencia puede ser&nbsp;<strong>disminuida<\/strong>&nbsp;de las siguientes maneras:<\/p>\n\n\n\n<p class=\"\">1. disminuir el numero de veces que agitas el remedio para cada dosis (al menos dos veces es necesario)<br>2. Reducir el n\u00famero de gotas.<br>3. Usar m\u00e1s agua en la taza<br>3. Usar una segunda taza de agua con una cucharadita de la primera taza y dosificar de la misma manera a partir de la segunda taza..<\/p>\n\n\n\n<p class=\"\">La potencia se puede aumentar aumentando el n\u00famero de sucusiones o aumentando el n\u00famero de gotas. Despu\u00e9s de tomar el remedio durante cuatro semanas en un nivel LM, le aconsejar\u00e9 c\u00f3mo aumentar la potencia en ese nivel.<\/p>\n\n\n\n<p class=\"\">Comun\u00edquese conmigo si no ve ninguna mejora adicional en el nivel de LM que est\u00e1 tomando para que podamos decidir cu\u00e1l es el siguiente paso en su tratamiento.<\/p>\n\n\n\n<p class=\"\"><strong>Si una condici\u00f3n aguda (auto-limitante) como un resfriado surge, lesi\u00f3n, etc, por favor cont\u00e1ctame<\/strong>. Descontin\u00faa el remedio LM hasta que la nueva enfermedad temporal se resuelva, a menos que sientas que te est\u00e1 ayudando. Puedes tratar de subir la potencia y la frecuencia, pero si no observas mejoras despu\u00e9s de unas dosis, detente. Para una condici\u00f3n aguda seria (por ejemplo. una herida grave, fiebre alta, etc.) completa el tratamiento adecuado antes de regresar al remedio LM para tu condici\u00f3n cr\u00f3nica. <strong>En algunos casos, puede resultar necesario buscar un tratamiento convencional.&nbsp;<\/strong><\/p>\n\n\n\n<p class=\"\">Frecuentemente, cuando ya terminaste con un remedio ver\u00e1s un ligero regreso temporal a los s\u00edntomas que elimin\u00f3. De lo contrario, si no ves mejora alguna en el siguiente nivel despu\u00e9s de unas semanas O si tus s\u00edntomas cambian significativamente (usualmente s\u00edntomas viejos regresan, lo cual es un buen signo) O todos tus s\u00edntomas se han eliminado, ya puedes terminar con el remedio; cont\u00e1ctame para tener mi consejo.<\/p>\n\n\n\n<p class=\"\">Ver\u00e1s mejores resultados si reduces o eliminas otras substancias m\u00e9dicas no preescritas as\u00ed como hierbas, drogas, caf\u00e9, tabaco, alcohol, etc. No detengas su uso inmediatamente, sino red\u00facelo gradualmente. Evita otros \u201cobst\u00e1culos para la cura\u201d.&nbsp;<strong>Trabaja cercano a tu doctor, especialmente si est\u00e1s tomando una medicina preescrita.&nbsp;El remedio debe mejorar tu salud por lo que es posible que requieras menos medicina.&nbsp;S\u00f3lo altera la dosis de tu medicina preescrita con la supervisi\u00f3n de tu doctor.<\/strong><\/p>\n\n\n\n<p class=\"\">S\u00e9 Feliz, S\u00e9 Sano,<br><a href=\"https:\/\/canhealyourself.com\/website_0fe50126\/contacto\/\" data-type=\"page\" data-id=\"101\">Roger Barr, Contacto<\/a><br><\/p>\n\n\n\n<p class=\"\"><\/p>\n","protected":false},"excerpt":{"rendered":"<p>Estos factores pueden interferir con la acci\u00f3n de tu remedio homeop\u00e1tico y deben de ser evitados siempre que sea&nbsp;posible: \u00b7 Tratamiento dental (siempre busque atenci\u00f3n dental adecuada cuando sea necesario. Solo tenga en cuenta que puede retrasar un poco el&#8230; <a class=\"more-link\" href=\"https:\/\/canhealyourself.com\/website_0fe50126\/instrucciones-para-usar-remedios-homeopaticos-lm\/\">Continue Reading &rarr;<\/a><\/p>\n","protected":false},"author":2,"featured_media":0,"parent":0,"menu_order":0,"comment_status":"closed","ping_status":"closed","template":"","meta":{"nf_dc_page":"","footnotes":""},"class_list":["post-119","page","type-page","status-publish","hentry"],"_links":{"self":[{"href":"https:\/\/canhealyourself.com\/website_0fe50126\/wp-json\/wp\/v2\/pages\/119","targetHints":{"allow":["GET"]}}],"collection":[{"href":"https:\/\/canhealyourself.com\/website_0fe50126\/wp-json\/wp\/v2\/pages"}],"about":[{"href":"https:\/\/canhealyourself.com\/website_0fe50126\/wp-json\/wp\/v2\/types\/page"}],"author":[{"embeddable":true,"href":"https:\/\/canhealyourself.com\/website_0fe50126\/wp-json\/wp\/v2\/users\/2"}],"replies":[{"embeddable":true,"href":"https:\/\/canhealyourself.com\/website_0fe50126\/wp-json\/wp\/v2\/comments?post=119"}],"version-history":[{"count":14,"href":"https:\/\/canhealyourself.com\/website_0fe50126\/wp-json\/wp\/v2\/pages\/119\/revisions"}],"predecessor-version":[{"id":482,"href":"https:\/\/canhealyourself.com\/website_0fe50126\/wp-json\/wp\/v2\/pages\/119\/revisions\/482"}],"wp:attachment":[{"href":"https:\/\/canhealyourself.com\/website_0fe50126\/wp-json\/wp\/v2\/media?parent=119"}],"curies":[{"name":"wp","href":"https:\/\/api.w.org\/{rel}","templated":true}]}}